{"id":2,"date":"2022-11-30T05:25:00","date_gmt":"2022-11-30T05:25:00","guid":{"rendered":"https:\/\/landingpages-handelsblatt-com.mystagingwebsite.com\/testsite1\/?page_id=2"},"modified":"2026-02-04T07:48:10","modified_gmt":"2026-02-04T07:48:10","slug":"15220-2","status":"publish","type":"page","link":"https:\/\/newsletter.handelsblatt.com\/shift\/","title":{"rendered":"Startseite"},"content":{"rendered":"","protected":false},"excerpt":{"rendered":"","protected":false},"author":2,"featured_media":0,"parent":0,"menu_order":0,"comment_status":"closed","ping_status":"closed","template":"","meta":{"_acf_changed":false,"footnotes":""},"class_list":["post-2","page","type-page","status-publish","hentry"],"acf":[],"yoast_head":"<!-- This site is optimized with the Yoast SEO plugin v27.1.1 - https:\/\/yoast.com\/product\/yoast-seo-wordpress\/ -->\n<title>Der Newsletter mit inspirierenden Zukunftsideen f\u00fcr Deutschland<\/title>\n<meta name=\"description\" content=\"Mit Erfolgsgeschichten und Best Cases, die Deutschland voranbringen k\u00f6nnen und inspirieren, die Zukunft Deutschlands aktiv mitzugestalten.\" \/>\n<meta name=\"robots\" content=\"index, follow, max-snippet:-1, max-image-preview:large, max-video-preview:-1\" \/>\n<link rel=\"canonical\" href=\"https:\/\/newsletter.handelsblatt.com\/shift\/\" \/>\n<meta property=\"og:locale\" content=\"de_DE\" \/>\n<meta property=\"og:type\" content=\"article\" \/>\n<meta property=\"og:title\" content=\"Handelsblatt Shift\" \/>\n<meta property=\"og:description\" content=\"Der Newsletter mit inspirierenden Zukunftsideen f\u00fcr noch ein besseres Deutschland und wertvollen Denkanst\u00f6\u00dfen, wie Sie die Zukunft Deutschlands aktiv mitgestalten.\" \/>\n<meta property=\"og:url\" content=\"https:\/\/newsletter.handelsblatt.com\/shift\/\" \/>\n<meta property=\"og:site_name\" content=\"Handelsblatt Shift\" \/>\n<meta property=\"article:modified_time\" content=\"2026-02-04T07:48:10+00:00\" \/>\n<meta property=\"og:image\" content=\"https:\/\/newsletter.handelsblatt.com\/shift\/wp-content\/uploads\/sites\/36\/2024\/10\/Teaserbild_HB_Shift.png\" \/>\n\t<meta property=\"og:image:width\" content=\"1920\" \/>\n\t<meta property=\"og:image:height\" content=\"1080\" \/>\n\t<meta property=\"og:image:type\" content=\"image\/png\" \/>\n<meta name=\"twitter:card\" content=\"summary_large_image\" \/>\n<meta name=\"twitter:title\" content=\"Handelsblatt Shift\" \/>\n<meta name=\"twitter:description\" content=\"Der Newsletter mit inspirierenden Zukunftsideen f\u00fcr noch ein besseres Deutschland und wertvollen Denkanst\u00f6\u00dfen, wie Sie die Zukunft Deutschlands aktiv mitgestalten.\" \/>\n<meta name=\"twitter:image\" content=\"https:\/\/newsletter.handelsblatt.com\/shift\/wp-content\/uploads\/sites\/36\/2024\/10\/Teaserbild_HB_Shift.png\" \/>\n<script type=\"application\/ld+json\" class=\"yoast-schema-graph\">{\"@context\":\"https:\/\/schema.org\",\"@graph\":[{\"@type\":\"WebPage\",\"@id\":\"https:\/\/newsletter.handelsblatt.com\/shift\/\",\"url\":\"https:\/\/newsletter.handelsblatt.com\/shift\/\",\"name\":\"Der Newsletter mit inspirierenden Zukunftsideen f\u00fcr Deutschland\",\"isPartOf\":{\"@id\":\"https:\/\/newsletter.handelsblatt.com\/shift\/#website\"},\"datePublished\":\"2022-11-30T05:25:00+00:00\",\"dateModified\":\"2026-02-04T07:48:10+00:00\",\"description\":\"Mit Erfolgsgeschichten und Best Cases, die Deutschland voranbringen k\u00f6nnen und inspirieren, die Zukunft Deutschlands aktiv mitzugestalten.\",\"breadcrumb\":{\"@id\":\"https:\/\/newsletter.handelsblatt.com\/shift\/#breadcrumb\"},\"inLanguage\":\"de\",\"potentialAction\":[{\"@type\":\"ReadAction\",\"target\":[\"https:\/\/newsletter.handelsblatt.com\/shift\/\"]}]},{\"@type\":\"BreadcrumbList\",\"@id\":\"https:\/\/newsletter.handelsblatt.com\/shift\/#breadcrumb\",\"itemListElement\":[{\"@type\":\"ListItem\",\"position\":1,\"name\":\"Startseite\",\"item\":\"https:\/\/newsletter.handelsblatt.com\/shift\/\"},{\"@type\":\"ListItem\",\"position\":2,\"name\":\"Startseite\"}]},{\"@type\":\"WebSite\",\"@id\":\"https:\/\/newsletter.handelsblatt.com\/shift\/#website\",\"url\":\"https:\/\/newsletter.handelsblatt.com\/shift\/\",\"name\":\"Handelsblatt Shift\",\"description\":\"Newsletter Landingpage\",\"potentialAction\":[{\"@type\":\"SearchAction\",\"target\":{\"@type\":\"EntryPoint\",\"urlTemplate\":\"https:\/\/newsletter.handelsblatt.com\/shift\/?s={search_term_string}\"},\"query-input\":{\"@type\":\"PropertyValueSpecification\",\"valueRequired\":true,\"valueName\":\"search_term_string\"}}],\"inLanguage\":\"de\"}]}<\/script>\n<!-- \/ Yoast SEO plugin. -->","yoast_head_json":{"title":"Der Newsletter mit inspirierenden Zukunftsideen f\u00fcr Deutschland","description":"Mit Erfolgsgeschichten und Best Cases, die Deutschland voranbringen k\u00f6nnen und inspirieren, die Zukunft Deutschlands aktiv mitzugestalten.","robots":{"index":"index","follow":"follow","max-snippet":"max-snippet:-1","max-image-preview":"max-image-preview:large","max-video-preview":"max-video-preview:-1"},"canonical":"https:\/\/newsletter.handelsblatt.com\/shift\/","og_locale":"de_DE","og_type":"article","og_title":"Handelsblatt Shift","og_description":"Der Newsletter mit inspirierenden Zukunftsideen f\u00fcr noch ein besseres Deutschland und wertvollen Denkanst\u00f6\u00dfen, wie Sie die Zukunft Deutschlands aktiv mitgestalten.","og_url":"https:\/\/newsletter.handelsblatt.com\/shift\/","og_site_name":"Handelsblatt Shift","article_modified_time":"2026-02-04T07:48:10+00:00","og_image":[{"width":1920,"height":1080,"url":"https:\/\/newsletter.handelsblatt.com\/shift\/wp-content\/uploads\/sites\/36\/2024\/10\/Teaserbild_HB_Shift.png","type":"image\/png"}],"twitter_card":"summary_large_image","twitter_title":"Handelsblatt Shift","twitter_description":"Der Newsletter mit inspirierenden Zukunftsideen f\u00fcr noch ein besseres Deutschland und wertvollen Denkanst\u00f6\u00dfen, wie Sie die Zukunft Deutschlands aktiv mitgestalten.","twitter_image":"https:\/\/newsletter.handelsblatt.com\/shift\/wp-content\/uploads\/sites\/36\/2024\/10\/Teaserbild_HB_Shift.png","schema":{"@context":"https:\/\/schema.org","@graph":[{"@type":"WebPage","@id":"https:\/\/newsletter.handelsblatt.com\/shift\/","url":"https:\/\/newsletter.handelsblatt.com\/shift\/","name":"Der Newsletter mit inspirierenden Zukunftsideen f\u00fcr Deutschland","isPartOf":{"@id":"https:\/\/newsletter.handelsblatt.com\/shift\/#website"},"datePublished":"2022-11-30T05:25:00+00:00","dateModified":"2026-02-04T07:48:10+00:00","description":"Mit Erfolgsgeschichten und Best Cases, die Deutschland voranbringen k\u00f6nnen und inspirieren, die Zukunft Deutschlands aktiv mitzugestalten.","breadcrumb":{"@id":"https:\/\/newsletter.handelsblatt.com\/shift\/#breadcrumb"},"inLanguage":"de","potentialAction":[{"@type":"ReadAction","target":["https:\/\/newsletter.handelsblatt.com\/shift\/"]}]},{"@type":"BreadcrumbList","@id":"https:\/\/newsletter.handelsblatt.com\/shift\/#breadcrumb","itemListElement":[{"@type":"ListItem","position":1,"name":"Startseite","item":"https:\/\/newsletter.handelsblatt.com\/shift\/"},{"@type":"ListItem","position":2,"name":"Startseite"}]},{"@type":"WebSite","@id":"https:\/\/newsletter.handelsblatt.com\/shift\/#website","url":"https:\/\/newsletter.handelsblatt.com\/shift\/","name":"Handelsblatt Shift","description":"Newsletter Landingpage","potentialAction":[{"@type":"SearchAction","target":{"@type":"EntryPoint","urlTemplate":"https:\/\/newsletter.handelsblatt.com\/shift\/?s={search_term_string}"},"query-input":{"@type":"PropertyValueSpecification","valueRequired":true,"valueName":"search_term_string"}}],"inLanguage":"de"}]}},"_links":{"self":[{"href":"https:\/\/newsletter.handelsblatt.com\/shift\/wp-json\/wp\/v2\/pages\/2","targetHints":{"allow":["GET"]}}],"collection":[{"href":"https:\/\/newsletter.handelsblatt.com\/shift\/wp-json\/wp\/v2\/pages"}],"about":[{"href":"https:\/\/newsletter.handelsblatt.com\/shift\/wp-json\/wp\/v2\/types\/page"}],"author":[{"embeddable":true,"href":"https:\/\/newsletter.handelsblatt.com\/shift\/wp-json\/wp\/v2\/users\/2"}],"replies":[{"embeddable":true,"href":"https:\/\/newsletter.handelsblatt.com\/shift\/wp-json\/wp\/v2\/comments?post=2"}],"version-history":[{"count":163,"href":"https:\/\/newsletter.handelsblatt.com\/shift\/wp-json\/wp\/v2\/pages\/2\/revisions"}],"predecessor-version":[{"id":809,"href":"https:\/\/newsletter.handelsblatt.com\/shift\/wp-json\/wp\/v2\/pages\/2\/revisions\/809"}],"wp:attachment":[{"href":"https:\/\/newsletter.handelsblatt.com\/shift\/wp-json\/wp\/v2\/media?parent=2"}],"curies":[{"name":"wp","href":"https:\/\/api.w.org\/{rel}","templated":true}]}}